{"id":187,"date":"2015-11-09T12:18:16","date_gmt":"2015-11-09T11:18:16","guid":{"rendered":"http:\/\/bobpro\/site1\/?page_id=187"},"modified":"2015-11-30T18:04:49","modified_gmt":"2015-11-30T17:04:49","slug":"more-impact-on-your-customers","status":"publish","type":"page","link":"http:\/\/www.edaxpert.com\/fr\/services-for-eda-companies\/more-impact-on-your-customers\/","title":{"rendered":"Plus d&rsquo;impact sur vos clients"},"content":{"rendered":"<div id=\"pl-187\"  class=\"panel-layout\" ><div id=\"pg-187-0\"  class=\"panel-grid panel-no-style\" ><div id=\"pgc-187-0-0\"  class=\"panel-grid-cell\" ><div id=\"panel-187-0-0-0\" class=\"so-panel widget widget_sow-editor panel-first-child panel-last-child\" data-index=\"0\" ><div class=\"edax panel-widget-style panel-widget-style-for-187-0-0-0\" ><div class=\"so-widget-sow-editor so-widget-sow-editor-base\">\n<div class=\"siteorigin-widget-tinymce textwidget\">\n\t<p><img loading=\"lazy\" class=\"alignright size-medium wp-image-339\" src=\"http:\/\/www.edaxpert.com\/wp-content\/uploads\/2015\/11\/puzzle-1019751_1920-300x300.jpg\" alt=\"puzzle-1019751_1920\" width=\"300\" height=\"300\" srcset=\"http:\/\/www.edaxpert.com\/wp-content\/uploads\/2015\/11\/puzzle-1019751_1920-300x300.jpg 300w, http:\/\/www.edaxpert.com\/wp-content\/uploads\/2015\/11\/puzzle-1019751_1920-150x150.jpg 150w, http:\/\/www.edaxpert.com\/wp-content\/uploads\/2015\/11\/puzzle-1019751_1920-1024x1024.jpg 1024w, http:\/\/www.edaxpert.com\/wp-content\/uploads\/2015\/11\/puzzle-1019751_1920-100x100.jpg 100w, http:\/\/www.edaxpert.com\/wp-content\/uploads\/2015\/11\/puzzle-1019751_1920-200x200.jpg 200w, http:\/\/www.edaxpert.com\/wp-content\/uploads\/2015\/11\/puzzle-1019751_1920-450x450.jpg 450w, http:\/\/www.edaxpert.com\/wp-content\/uploads\/2015\/11\/puzzle-1019751_1920-600x600.jpg 600w, http:\/\/www.edaxpert.com\/wp-content\/uploads\/2015\/11\/puzzle-1019751_1920-900x900.jpg 900w, http:\/\/www.edaxpert.com\/wp-content\/uploads\/2015\/11\/puzzle-1019751_1920.jpg 1920w\" sizes=\"(max-width: 300px) 100vw, 300px\" \/><\/p>\n<p> Les clients de fournisseurs EDA r\u00e9clament souvent de pouvoir mobiliser plus de ressources pour supporter et acc\u00e9l\u00e9rer leur projets. Mais vous n'avez pas forc\u00e9ment les personnes disponibles, et vous ne d\u00e9sirez pas investir de mani\u00e8re permanente.<\/p>\n<p>EDAxpert peut vous aider \u00e0 am\u00e9liorer la satisfaction de vos client \u00e0 travers diff\u00e9rentes situations : promouvoir vos solutions pendant des r\u00e9unions clients ou des benchmarks, assurer pour vous le support en Europe, effectuer des personnalisations locales pour accompagner le d\u00e9ploiement de vos produits, \u00eatre une ressource strat\u00e9gique dans l'\u00e9quipe de votre client, ou toute autre mission qui vous semble importante.<\/p>\n<\/p>\n<p> Nous serons attentif \u00e0<\/p>\n<ul>\n<li>parler en votre nom et porter votre strat\u00e9gie,<\/li>\n<li>ma\u00eetriser rapidement votre solution pour \u00eatre efficace chez vos clients,<\/li>\n<li>prot\u00e9ger vos informations confidentielles,<\/li>\n<li>collecter et communiquer \u00e0 vos \u00e9quipes toutes les informations strat\u00e9giques pouvant les aider.<\/li>\n<\/ul>\n<p>Vous trouverez sur <a href=\"http:\/\/www.edaxpert.com\/people-and-skills\/\">cette page<\/a> plus d'information sur notre exp\u00e9rience en support d'outils et m\u00e9thodes.<\/p>\n<\/div>\n<\/div><\/div><\/div><\/div><\/div><\/div>","protected":false},"excerpt":{"rendered":"<p>Les clients de fournisseurs EDA r\u00e9clament souvent de pouvoir mobiliser plus de ressources pour supporter et acc\u00e9l\u00e9rer leur projets. Mais vous n&rsquo;avez pas forc\u00e9ment les personnes disponibles, et vous ne d\u00e9sirez pas investir de mani\u00e8re permanente.EDAxpert peut vous aider \u00e0<span class=\"ellipsis\">&hellip;<\/span><\/p>\n<div class=\"read-more\"><a href=\"http:\/\/www.edaxpert.com\/fr\/services-for-eda-companies\/more-impact-on-your-customers\/\">Lire la suite &#8250;<\/a><\/div>\n<p><!-- end of .read-more --><\/p>\n","protected":false},"author":1,"featured_media":0,"parent":14,"menu_order":0,"comment_status":"closed","ping_status":"closed","template":"","meta":[],"_links":{"self":[{"href":"http:\/\/www.edaxpert.com\/fr\/wp-json\/wp\/v2\/pages\/187"}],"collection":[{"href":"http:\/\/www.edaxpert.com\/fr\/wp-json\/wp\/v2\/pages"}],"about":[{"href":"http:\/\/www.edaxpert.com\/fr\/wp-json\/wp\/v2\/types\/page"}],"author":[{"embeddable":true,"href":"http:\/\/www.edaxpert.com\/fr\/wp-json\/wp\/v2\/users\/1"}],"replies":[{"embeddable":true,"href":"http:\/\/www.edaxpert.com\/fr\/wp-json\/wp\/v2\/comments?post=187"}],"version-history":[{"count":16,"href":"http:\/\/www.edaxpert.com\/fr\/wp-json\/wp\/v2\/pages\/187\/revisions"}],"predecessor-version":[{"id":434,"href":"http:\/\/www.edaxpert.com\/fr\/wp-json\/wp\/v2\/pages\/187\/revisions\/434"}],"up":[{"embeddable":true,"href":"http:\/\/www.edaxpert.com\/fr\/wp-json\/wp\/v2\/pages\/14"}],"wp:attachment":[{"href":"http:\/\/www.edaxpert.com\/fr\/wp-json\/wp\/v2\/media?parent=187"}],"curies":[{"name":"wp","href":"https:\/\/api.w.org\/{rel}","templated":true}]}}