{"id":185,"date":"2015-11-09T12:14:20","date_gmt":"2015-11-09T11:14:20","guid":{"rendered":"http:\/\/bobpro\/site1\/?page_id=185"},"modified":"2015-12-07T11:54:06","modified_gmt":"2015-12-07T10:54:06","slug":"team-up-for-new-opportunities","status":"publish","type":"page","link":"http:\/\/www.edaxpert.com\/fr\/services-for-eda-companies\/team-up-for-new-opportunities\/","title":{"rendered":"Collaborer pour de nouvelles opportunit\u00e9s"},"content":{"rendered":"<div id=\"pl-185\"  class=\"panel-layout\" ><div id=\"pg-185-0\"  class=\"panel-grid panel-no-style\" ><div id=\"pgc-185-0-0\"  class=\"panel-grid-cell\" ><div id=\"panel-185-0-0-0\" class=\"so-panel widget widget_sow-editor panel-first-child panel-last-child\" data-index=\"0\" ><div class=\"edax panel-widget-style panel-widget-style-for-185-0-0-0\" ><div class=\"so-widget-sow-editor so-widget-sow-editor-base\">\n<div class=\"siteorigin-widget-tinymce textwidget\">\n\t<p><a href=\"http:\/\/www.edaxpert.com\/wp-content\/uploads\/2015\/11\/graph-163509_1280.jpg\"><img loading=\"lazy\" class=\"alignright wp-image-341 size-medium\" src=\"http:\/\/www.edaxpert.com\/wp-content\/uploads\/2015\/11\/graph-163509_1280-300x169.jpg\" alt=\"\" width=\"300\" height=\"169\" srcset=\"http:\/\/www.edaxpert.com\/wp-content\/uploads\/2015\/11\/graph-163509_1280-300x169.jpg 300w, http:\/\/www.edaxpert.com\/wp-content\/uploads\/2015\/11\/graph-163509_1280-1024x576.jpg 1024w, http:\/\/www.edaxpert.com\/wp-content\/uploads\/2015\/11\/graph-163509_1280-100x56.jpg 100w, http:\/\/www.edaxpert.com\/wp-content\/uploads\/2015\/11\/graph-163509_1280-150x84.jpg 150w, http:\/\/www.edaxpert.com\/wp-content\/uploads\/2015\/11\/graph-163509_1280-200x113.jpg 200w, http:\/\/www.edaxpert.com\/wp-content\/uploads\/2015\/11\/graph-163509_1280-450x253.jpg 450w, http:\/\/www.edaxpert.com\/wp-content\/uploads\/2015\/11\/graph-163509_1280-600x338.jpg 600w, http:\/\/www.edaxpert.com\/wp-content\/uploads\/2015\/11\/graph-163509_1280-900x506.jpg 900w, http:\/\/www.edaxpert.com\/wp-content\/uploads\/2015\/11\/graph-163509_1280.jpg 1280w\" sizes=\"(max-width: 300px) 100vw, 300px\" \/><\/a><\/p>\n<p> Trouver de nouvelles opportunit\u00e9s dans l'EDA est une t\u00e2che complexe qui demande de nouvelles id\u00e9es\u00a0 et qui prend du temps.<\/p>\n<p>Nos <a href=\"http:\/\/www.edaxpert.com\/people-and-skills\/\">comp\u00e9tences et notre exp\u00e9rience dans l'industrie<\/a> peuvent \u00eatre ce coup de pouce qui vous permettra de faire cro\u00eetre vos parts de march\u00e9.<\/p>\n<p>A EDAxpert nous comprenons parfaitement \u00e0 la fois les attentes d'un utlisateur d'outil (ergonomie, efficacit\u00e9), et d'autre part les pr\u00e9occupations du d\u00e9veloppeur (faisabilit\u00e9, factorisation des d\u00e9veloppement, possibilit\u00e9s d'extension, maintenance). C'est indispensable pour pouvoir mieux positionner un produit tout en le gardant rentable, ou pour traduire un besoin client en sp\u00e9cifications techniques pr\u00e9cises. Ces comp\u00e9tences peuvent \u00eatre d\u00e9cisives lors de discussions internes \u00e0 vos \u00e9quipes ou lors de prospections aupr\u00e8s de futurs clients.<\/p>\n<\/p>\n<p> En travaillant avec vous, nous serons attentifs \u00e0<\/p>\n<ul>\n<li>amener vos prospects et vos clients \u00e0 mieux percevoir les opportunit\u00e9s apport\u00e9es par votre solution,<\/li>\n<li>vous aider \u00e0 identifier de possibles incompatibilit\u00e9s entre ce que veut le client et ce qui est techniquement possible,<\/li>\n<li>partager et explorer \u00e0 votre demande des id\u00e9es nouvelles qui pourraient vous ouvrir de nouveaux horizons,<\/li>\n<li>prot\u00e9ger vos informations confidentielles.<\/li>\n<\/ul>\n<p>Nous pouvons aussi mettre nos comp\u00e9tences techniques \u00e0 votre service lors de benchmarks pr\u00e9alables \u00e0 un nouveau contrat, ou pour vous seconder dans les salons ou les organismes de normalisation.<\/p>\n<p>\u00a0<\/p>\n<\/div>\n<\/div><\/div><\/div><\/div><\/div><\/div>","protected":false},"excerpt":{"rendered":"<p>Trouver de nouvelles opportunit\u00e9s dans l&rsquo;EDA est une t\u00e2che complexe qui demande de nouvelles id\u00e9es\u00a0 et qui prend du temps.Nos comp\u00e9tences et notre exp\u00e9rience dans l&rsquo;industrie peuvent \u00eatre ce coup de pouce qui vous permettra de faire cro\u00eetre vos parts<span class=\"ellipsis\">&hellip;<\/span><\/p>\n<div class=\"read-more\"><a href=\"http:\/\/www.edaxpert.com\/fr\/services-for-eda-companies\/team-up-for-new-opportunities\/\">Lire la suite &#8250;<\/a><\/div>\n<p><!-- end of .read-more --><\/p>\n","protected":false},"author":1,"featured_media":0,"parent":14,"menu_order":0,"comment_status":"closed","ping_status":"closed","template":"","meta":[],"_links":{"self":[{"href":"http:\/\/www.edaxpert.com\/fr\/wp-json\/wp\/v2\/pages\/185"}],"collection":[{"href":"http:\/\/www.edaxpert.com\/fr\/wp-json\/wp\/v2\/pages"}],"about":[{"href":"http:\/\/www.edaxpert.com\/fr\/wp-json\/wp\/v2\/types\/page"}],"author":[{"embeddable":true,"href":"http:\/\/www.edaxpert.com\/fr\/wp-json\/wp\/v2\/users\/1"}],"replies":[{"embeddable":true,"href":"http:\/\/www.edaxpert.com\/fr\/wp-json\/wp\/v2\/comments?post=185"}],"version-history":[{"count":20,"href":"http:\/\/www.edaxpert.com\/fr\/wp-json\/wp\/v2\/pages\/185\/revisions"}],"predecessor-version":[{"id":445,"href":"http:\/\/www.edaxpert.com\/fr\/wp-json\/wp\/v2\/pages\/185\/revisions\/445"}],"up":[{"embeddable":true,"href":"http:\/\/www.edaxpert.com\/fr\/wp-json\/wp\/v2\/pages\/14"}],"wp:attachment":[{"href":"http:\/\/www.edaxpert.com\/fr\/wp-json\/wp\/v2\/media?parent=185"}],"curies":[{"name":"wp","href":"https:\/\/api.w.org\/{rel}","templated":true}]}}